{"id":2337,"date":"2023-05-29T12:32:56","date_gmt":"2023-05-29T10:32:56","guid":{"rendered":"https:\/\/ludovicpergeperformance.com\/?page_id=2337"},"modified":"2023-07-13T15:51:42","modified_gmt":"2023-07-13T13:51:42","slug":"blog","status":"publish","type":"page","link":"https:\/\/ludovicpergeperformance.com\/index.php\/blog\/","title":{"rendered":"Blog"},"content":{"rendered":"\t\t<div data-elementor-type=\"wp-page\" data-elementor-id=\"2337\" class=\"elementor elementor-2337\" data-elementor-post-type=\"page\">\n\t\t\t\t\t\t<section class=\"elementor-section elementor-top-section elementor-element elementor-element-e8ca087 elementor-section-boxed elementor-section-height-default elementor-section-height-default\" data-id=\"e8ca087\" data-element_type=\"section\" data-e-type=\"section\" data-settings=\"{&quot;background_background&quot;:&quot;classic&quot;}\">\n\t\t\t\t\t\t\t<div class=\"elementor-background-overlay\"><\/div>\n\t\t\t\t\t\t\t<div class=\"elementor-container elementor-column-gap-default\">\n\t\t\t\t\t<div class=\"elementor-column elementor-col-100 elementor-top-column elementor-element elementor-element-b215d1a\" data-id=\"b215d1a\" data-element_type=\"column\" data-e-type=\"column\">\n\t\t\t<div class=\"elementor-widget-wrap elementor-element-populated\">\n\t\t\t\t\t\t<div class=\"elementor-element elementor-element-924a02b elementor-align-center elementor-widget elementor-widget-breadcrumbs\" data-id=\"924a02b\" data-element_type=\"widget\" data-e-type=\"widget\" data-widget_type=\"breadcrumbs.default\">\n\t\t\t\t<div class=\"elementor-widget-container\">\n\t\t\t\t\t<p id=\"breadcrumbs\"><span><span><a href=\"https:\/\/ludovicpergeperformance.com\/\">Accueil<\/a><\/span><\/span><\/p>\t\t\t\t<\/div>\n\t\t\t\t<\/div>\n\t\t\t\t<div class=\"elementor-element elementor-element-fd91f07 elementor-widget elementor-widget-heading\" data-id=\"fd91f07\" data-element_type=\"widget\" data-e-type=\"widget\" data-widget_type=\"heading.default\">\n\t\t\t\t<div class=\"elementor-widget-container\">\n\t\t\t\t\t<h2 class=\"elementor-heading-title elementor-size-default\">BLOG<\/h2>\t\t\t\t<\/div>\n\t\t\t\t<\/div>\n\t\t\t\t<div class=\"elementor-element elementor-element-e60d436 elementor-widget elementor-widget-text-editor\" data-id=\"e60d436\" data-element_type=\"widget\" data-e-type=\"widget\" data-widget_type=\"text-editor.default\">\n\t\t\t\t<div class=\"elementor-widget-container\">\n\t\t\t\t\t\t\t\t\tBienvenue sur le blog de Ludovic Perge, votre expert en pr\u00e9paration physique. Ici, le sport est plus qu&rsquo;une passion, c&rsquo;est un mode de vie.\n\nEn tant que pr\u00e9parateur sportif reconnu, Ludovic partage avec vous ses connaissances et son exp\u00e9rience du monde du sport, offrant des conseils pr\u00e9cieux, des astuces d&rsquo;entra\u00eenement et des analyses approfondies.\u00a0Peu importe votre niveau ou votre discipline, ce blog est con\u00e7u pour vous aider \u00e0 atteindre vos objectifs sportifs et \u00e0 maximiser votre potentiel.<\/span>\t\t\t\t\t\t\t\t<\/div>\n\t\t\t\t<\/div>\n\t\t\t\t\t<\/div>\n\t\t<\/div>\n\t\t\t\t\t<\/div>\n\t\t<\/section>\n\t\t\t\t<section class=\"elementor-section elementor-top-section elementor-element elementor-element-eaed956 elementor-section-boxed elementor-section-height-default elementor-section-height-default\" data-id=\"eaed956\" data-element_type=\"section\" data-e-type=\"section\">\n\t\t\t\t\t\t<div class=\"elementor-container elementor-column-gap-default\">\n\t\t\t\t\t<div class=\"elementor-column elementor-col-100 elementor-top-column elementor-element elementor-element-9fb5e74\" data-id=\"9fb5e74\" data-element_type=\"column\" data-e-type=\"column\">\n\t\t\t<div class=\"elementor-widget-wrap elementor-element-populated\">\n\t\t\t\t\t\t<div class=\"elementor-element elementor-element-dcdd98b elementor-grid-3 elementor-grid-tablet-2 elementor-grid-mobile-1 elementor-posts--thumbnail-top elementor-widget elementor-widget-posts\" data-id=\"dcdd98b\" data-element_type=\"widget\" data-e-type=\"widget\" data-settings=\"{&quot;classic_columns&quot;:&quot;3&quot;,&quot;classic_columns_tablet&quot;:&quot;2&quot;,&quot;classic_columns_mobile&quot;:&quot;1&quot;,&quot;classic_row_gap&quot;:{&quot;unit&quot;:&quot;px&quot;,&quot;size&quot;:35,&quot;sizes&quot;:[]},&quot;classic_row_gap_tablet&quot;:{&quot;unit&quot;:&quot;px&quot;,&quot;size&quot;:&quot;&quot;,&quot;sizes&quot;:[]},&quot;classic_row_gap_mobile&quot;:{&quot;unit&quot;:&quot;px&quot;,&quot;size&quot;:&quot;&quot;,&quot;sizes&quot;:[]}}\" data-widget_type=\"posts.classic\">\n\t\t\t\t<div class=\"elementor-widget-container\">\n\t\t\t\t\t\t\t<div class=\"elementor-posts-container elementor-posts elementor-posts--skin-classic elementor-grid\" role=\"list\">\n\t\t\t\t<article class=\"elementor-post elementor-grid-item post-2353 post type-post status-publish format-standard has-post-thumbnail hentry category-conseil-sportif\" role=\"listitem\">\n\t\t\t\t<a class=\"elementor-post__thumbnail__link\" href=\"https:\/\/ludovicpergeperformance.com\/index.php\/2023\/05\/29\/article-exemple-2-2\/\" tabindex=\"-1\" >\n\t\t\t<div class=\"elementor-post__thumbnail\"><img fetchpriority=\"high\" decoding=\"async\" width=\"2048\" height=\"1364\" src=\"https:\/\/ludovicpergeperformance.com\/wp-content\/uploads\/2023\/02\/Stage-prepa-3.jpg\" class=\"attachment-full size-full wp-image-1702\" alt=\"Ludovic Perge en stage avec les sportifs espoirs de haut niveau en stage\" srcset=\"https:\/\/ludovicpergeperformance.com\/wp-content\/uploads\/2023\/02\/Stage-prepa-3.jpg 2048w, https:\/\/ludovicpergeperformance.com\/wp-content\/uploads\/2023\/02\/Stage-prepa-3-300x200.jpg 300w, https:\/\/ludovicpergeperformance.com\/wp-content\/uploads\/2023\/02\/Stage-prepa-3-1024x682.jpg 1024w, https:\/\/ludovicpergeperformance.com\/wp-content\/uploads\/2023\/02\/Stage-prepa-3-768x512.jpg 768w, https:\/\/ludovicpergeperformance.com\/wp-content\/uploads\/2023\/02\/Stage-prepa-3-1536x1023.jpg 1536w, https:\/\/ludovicpergeperformance.com\/wp-content\/uploads\/2023\/02\/Stage-prepa-3-930x620.jpg 930w\" sizes=\"(max-width: 2048px) 100vw, 2048px\" \/><\/div>\n\t\t<\/a>\n\t\t\t\t<div class=\"elementor-post__text\">\n\t\t\t\t<h3 class=\"elementor-post__title\">\n\t\t\t<a href=\"https:\/\/ludovicpergeperformance.com\/index.php\/2023\/05\/29\/article-exemple-2-2\/\" >\n\t\t\t\tArticle exemple 3\t\t\t<\/a>\n\t\t<\/h3>\n\t\t\t\t<div class=\"elementor-post__meta-data\">\n\t\t\t\t\t<span class=\"elementor-post-date\">\n\t\t\t29 mai 2023\t\t<\/span>\n\t\t\t\t<\/div>\n\t\t\t\t<div class=\"elementor-post__excerpt\">\n\t\t\t<p>Exemple de description d&rsquo;article. <\/p>\n\t\t<\/div>\n\t\t\n\t\t<a class=\"elementor-post__read-more\" href=\"https:\/\/ludovicpergeperformance.com\/index.php\/2023\/05\/29\/article-exemple-2-2\/\" aria-label=\"En savoir plus sur Article exemple 3\" tabindex=\"-1\" >\n\t\t\tLire l'article \u00bb\t\t<\/a>\n\n\t\t\t\t<\/div>\n\t\t\t\t<\/article>\n\t\t\t\t<article class=\"elementor-post elementor-grid-item post-2351 post type-post status-publish format-standard has-post-thumbnail hentry category-conseil-sportif\" role=\"listitem\">\n\t\t\t\t<a class=\"elementor-post__thumbnail__link\" href=\"https:\/\/ludovicpergeperformance.com\/index.php\/2023\/05\/29\/article-exemple-2\/\" tabindex=\"-1\" >\n\t\t\t<div class=\"elementor-post__thumbnail\"><img fetchpriority=\"high\" decoding=\"async\" width=\"2048\" height=\"1364\" src=\"https:\/\/ludovicpergeperformance.com\/wp-content\/uploads\/2023\/02\/Stage-prepa-3.jpg\" class=\"attachment-full size-full wp-image-1702\" alt=\"Ludovic Perge en stage avec les sportifs espoirs de haut niveau en stage\" srcset=\"https:\/\/ludovicpergeperformance.com\/wp-content\/uploads\/2023\/02\/Stage-prepa-3.jpg 2048w, https:\/\/ludovicpergeperformance.com\/wp-content\/uploads\/2023\/02\/Stage-prepa-3-300x200.jpg 300w, https:\/\/ludovicpergeperformance.com\/wp-content\/uploads\/2023\/02\/Stage-prepa-3-1024x682.jpg 1024w, https:\/\/ludovicpergeperformance.com\/wp-content\/uploads\/2023\/02\/Stage-prepa-3-768x512.jpg 768w, https:\/\/ludovicpergeperformance.com\/wp-content\/uploads\/2023\/02\/Stage-prepa-3-1536x1023.jpg 1536w, https:\/\/ludovicpergeperformance.com\/wp-content\/uploads\/2023\/02\/Stage-prepa-3-930x620.jpg 930w\" sizes=\"(max-width: 2048px) 100vw, 2048px\" \/><\/div>\n\t\t<\/a>\n\t\t\t\t<div class=\"elementor-post__text\">\n\t\t\t\t<h3 class=\"elementor-post__title\">\n\t\t\t<a href=\"https:\/\/ludovicpergeperformance.com\/index.php\/2023\/05\/29\/article-exemple-2\/\" >\n\t\t\t\tArticle exemple 2\t\t\t<\/a>\n\t\t<\/h3>\n\t\t\t\t<div class=\"elementor-post__meta-data\">\n\t\t\t\t\t<span class=\"elementor-post-date\">\n\t\t\t29 mai 2023\t\t<\/span>\n\t\t\t\t<\/div>\n\t\t\t\t<div class=\"elementor-post__excerpt\">\n\t\t\t<p>Exemple de description d&rsquo;article. <\/p>\n\t\t<\/div>\n\t\t\n\t\t<a class=\"elementor-post__read-more\" href=\"https:\/\/ludovicpergeperformance.com\/index.php\/2023\/05\/29\/article-exemple-2\/\" aria-label=\"En savoir plus sur Article exemple 2\" tabindex=\"-1\" >\n\t\t\tLire l'article \u00bb\t\t<\/a>\n\n\t\t\t\t<\/div>\n\t\t\t\t<\/article>\n\t\t\t\t<article class=\"elementor-post elementor-grid-item post-2349 post type-post status-publish format-standard has-post-thumbnail hentry category-conseil-sportif\" role=\"listitem\">\n\t\t\t\t<a class=\"elementor-post__thumbnail__link\" href=\"https:\/\/ludovicpergeperformance.com\/index.php\/2023\/05\/29\/article-exemple\/\" tabindex=\"-1\" >\n\t\t\t<div class=\"elementor-post__thumbnail\"><img fetchpriority=\"high\" decoding=\"async\" width=\"2048\" height=\"1364\" src=\"https:\/\/ludovicpergeperformance.com\/wp-content\/uploads\/2023\/02\/Stage-prepa-3.jpg\" class=\"attachment-full size-full wp-image-1702\" alt=\"Ludovic Perge en stage avec les sportifs espoirs de haut niveau en stage\" srcset=\"https:\/\/ludovicpergeperformance.com\/wp-content\/uploads\/2023\/02\/Stage-prepa-3.jpg 2048w, https:\/\/ludovicpergeperformance.com\/wp-content\/uploads\/2023\/02\/Stage-prepa-3-300x200.jpg 300w, https:\/\/ludovicpergeperformance.com\/wp-content\/uploads\/2023\/02\/Stage-prepa-3-1024x682.jpg 1024w, https:\/\/ludovicpergeperformance.com\/wp-content\/uploads\/2023\/02\/Stage-prepa-3-768x512.jpg 768w, https:\/\/ludovicpergeperformance.com\/wp-content\/uploads\/2023\/02\/Stage-prepa-3-1536x1023.jpg 1536w, https:\/\/ludovicpergeperformance.com\/wp-content\/uploads\/2023\/02\/Stage-prepa-3-930x620.jpg 930w\" sizes=\"(max-width: 2048px) 100vw, 2048px\" \/><\/div>\n\t\t<\/a>\n\t\t\t\t<div class=\"elementor-post__text\">\n\t\t\t\t<h3 class=\"elementor-post__title\">\n\t\t\t<a href=\"https:\/\/ludovicpergeperformance.com\/index.php\/2023\/05\/29\/article-exemple\/\" >\n\t\t\t\tArticle exemple\t\t\t<\/a>\n\t\t<\/h3>\n\t\t\t\t<div class=\"elementor-post__meta-data\">\n\t\t\t\t\t<span class=\"elementor-post-date\">\n\t\t\t29 mai 2023\t\t<\/span>\n\t\t\t\t<\/div>\n\t\t\t\t<div class=\"elementor-post__excerpt\">\n\t\t\t<p>Exemple de description d&rsquo;article. <\/p>\n\t\t<\/div>\n\t\t\n\t\t<a class=\"elementor-post__read-more\" href=\"https:\/\/ludovicpergeperformance.com\/index.php\/2023\/05\/29\/article-exemple\/\" aria-label=\"En savoir plus sur Article exemple\" tabindex=\"-1\" >\n\t\t\tLire l'article \u00bb\t\t<\/a>\n\n\t\t\t\t<\/div>\n\t\t\t\t<\/article>\n\t\t\t\t<\/div>\n\t\t\n\t\t\t\t\t\t<\/div>\n\t\t\t\t<\/div>\n\t\t\t\t\t<\/div>\n\t\t<\/div>\n\t\t\t\t\t<\/div>\n\t\t<\/section>\n\t\t\t\t<\/div>\n\t\t","protected":false},"excerpt":{"rendered":"<p>BLOG Bienvenue sur le blog de Ludovic Perge, votre expert en pr\u00e9paration physique. Ici, le sport est plus qu&rsquo;une passion, c&rsquo;est un mode de vie. En tant que pr\u00e9parateur sportif reconnu, Ludovic partage avec vous ses connaissances et son exp\u00e9rience du monde du sport, offrant des conseils pr\u00e9cieux, des astuces d&rsquo;entra\u00eenement et des analyses approfondies.\u00a0Peu&hellip;&nbsp;<a href=\"https:\/\/ludovicpergeperformance.com\/index.php\/2023\/05\/29\/article-exemple\/\" class=\"\" rel=\"bookmark\">Lire la suite &raquo;<span class=\"screen-reader-text\">Article exemple<\/span><\/a><\/p>\n","protected":false},"author":5,"featured_media":0,"parent":0,"menu_order":0,"comment_status":"closed","ping_status":"closed","template":"elementor_header_footer","meta":{"neve_meta_sidebar":"","neve_meta_container":"","neve_meta_enable_content_width":"","neve_meta_content_width":0,"neve_meta_title_alignment":"","neve_meta_author_avatar":"","neve_post_elements_order":"","neve_meta_disable_header":"","neve_meta_disable_footer":"","neve_meta_disable_title":"","footnotes":""},"class_list":["post-2337","page","type-page","status-publish","hentry"],"yoast_head":"<!-- This site is optimized with the Yoast SEO plugin v27.4 - https:\/\/yoast.com\/product\/yoast-seo-wordpress\/ -->\n<title>Blog &#8211; Pr\u00e9parateur physique Ludovic Perge<\/title>\n<meta name=\"robots\" content=\"index, follow, max-snippet:-1, max-image-preview:large, max-video-preview:-1\" \/>\n<link rel=\"canonical\" href=\"https:\/\/ludovicpergeperformance.com\/index.php\/blog\/\" \/>\n<meta property=\"og:locale\" content=\"fr_FR\" \/>\n<meta property=\"og:type\" content=\"article\" \/>\n<meta property=\"og:title\" content=\"Blog &#8211; Pr\u00e9parateur physique Ludovic Perge\" \/>\n<meta property=\"og:description\" content=\"BLOG Bienvenue sur le blog de Ludovic Perge, votre expert en pr\u00e9paration physique. Ici, le sport est plus qu&rsquo;une passion, c&rsquo;est un mode de vie. En tant que pr\u00e9parateur sportif reconnu, Ludovic partage avec vous ses connaissances et son exp\u00e9rience du monde du sport, offrant des conseils pr\u00e9cieux, des astuces d&rsquo;entra\u00eenement et des analyses approfondies.\u00a0Peu&hellip;&nbsp;Lire la suite &raquo;Article exemple\" \/>\n<meta property=\"og:url\" content=\"https:\/\/ludovicpergeperformance.com\/index.php\/blog\/\" \/>\n<meta property=\"og:site_name\" content=\"Pr\u00e9parateur physique Ludovic Perge\" \/>\n<meta property=\"article:publisher\" content=\"https:\/\/www.facebook.com\/LudovicPergePerformance\" \/>\n<meta property=\"article:modified_time\" content=\"2023-07-13T13:51:42+00:00\" \/>\n<meta name=\"twitter:card\" content=\"summary_large_image\" \/>\n<meta name=\"twitter:label1\" content=\"Dur\u00e9e de lecture estim\u00e9e\" \/>\n\t<meta name=\"twitter:data1\" content=\"2 minutes\" \/>\n<script type=\"application\/ld+json\" class=\"yoast-schema-graph\">{\"@context\":\"https:\\\/\\\/schema.org\",\"@graph\":[{\"@type\":\"WebPage\",\"@id\":\"https:\\\/\\\/ludovicpergeperformance.com\\\/index.php\\\/blog\\\/\",\"url\":\"https:\\\/\\\/ludovicpergeperformance.com\\\/index.php\\\/blog\\\/\",\"name\":\"Blog &#8211; Pr\u00e9parateur physique Ludovic Perge\",\"isPartOf\":{\"@id\":\"https:\\\/\\\/ludovicpergeperformance.com\\\/#website\"},\"datePublished\":\"2023-05-29T10:32:56+00:00\",\"dateModified\":\"2023-07-13T13:51:42+00:00\",\"breadcrumb\":{\"@id\":\"https:\\\/\\\/ludovicpergeperformance.com\\\/index.php\\\/blog\\\/#breadcrumb\"},\"inLanguage\":\"fr-FR\",\"potentialAction\":[{\"@type\":\"ReadAction\",\"target\":[\"https:\\\/\\\/ludovicpergeperformance.com\\\/index.php\\\/blog\\\/\"]}]},{\"@type\":\"BreadcrumbList\",\"@id\":\"https:\\\/\\\/ludovicpergeperformance.com\\\/index.php\\\/blog\\\/#breadcrumb\",\"itemListElement\":[{\"@type\":\"ListItem\",\"position\":1,\"name\":\"Accueil\",\"item\":\"https:\\\/\\\/ludovicpergeperformance.com\\\/\"},{\"@type\":\"ListItem\",\"position\":2,\"name\":\"Blog\"}]},{\"@type\":\"WebSite\",\"@id\":\"https:\\\/\\\/ludovicpergeperformance.com\\\/#website\",\"url\":\"https:\\\/\\\/ludovicpergeperformance.com\\\/\",\"name\":\"Ludovic Perge - Pr\u00e9parateur physique pour sportif de haut niveau\",\"description\":\"Pr\u00e9parateur physique des sportifs de haut niveau\",\"publisher\":{\"@id\":\"https:\\\/\\\/ludovicpergeperformance.com\\\/#organization\"},\"potentialAction\":[{\"@type\":\"SearchAction\",\"target\":{\"@type\":\"EntryPoint\",\"urlTemplate\":\"https:\\\/\\\/ludovicpergeperformance.com\\\/?s={search_term_string}\"},\"query-input\":{\"@type\":\"PropertyValueSpecification\",\"valueRequired\":true,\"valueName\":\"search_term_string\"}}],\"inLanguage\":\"fr-FR\"},{\"@type\":\"Organization\",\"@id\":\"https:\\\/\\\/ludovicpergeperformance.com\\\/#organization\",\"name\":\"Ludovic Perge\",\"url\":\"https:\\\/\\\/ludovicpergeperformance.com\\\/\",\"logo\":{\"@type\":\"ImageObject\",\"inLanguage\":\"fr-FR\",\"@id\":\"https:\\\/\\\/ludovicpergeperformance.com\\\/#\\\/schema\\\/logo\\\/image\\\/\",\"url\":\"https:\\\/\\\/ludovicpergeperformance.com\\\/wp-content\\\/uploads\\\/2020\\\/03\\\/Logo-Ludovic-Perge-Performance.png\",\"contentUrl\":\"https:\\\/\\\/ludovicpergeperformance.com\\\/wp-content\\\/uploads\\\/2020\\\/03\\\/Logo-Ludovic-Perge-Performance.png\",\"width\":669,\"height\":477,\"caption\":\"Ludovic Perge\"},\"image\":{\"@id\":\"https:\\\/\\\/ludovicpergeperformance.com\\\/#\\\/schema\\\/logo\\\/image\\\/\"},\"sameAs\":[\"https:\\\/\\\/www.facebook.com\\\/LudovicPergePerformance\",\"https:\\\/\\\/www.instagram.com\\\/ludo_perge\\\/?hl=fr\",\"https:\\\/\\\/www.linkedin.com\\\/in\\\/ludovic-perge\\\/\"]}]}<\/script>\n<!-- \/ Yoast SEO plugin. -->","yoast_head_json":{"title":"Blog &#8211; Pr\u00e9parateur physique Ludovic Perge","robots":{"index":"index","follow":"follow","max-snippet":"max-snippet:-1","max-image-preview":"max-image-preview:large","max-video-preview":"max-video-preview:-1"},"canonical":"https:\/\/ludovicpergeperformance.com\/index.php\/blog\/","og_locale":"fr_FR","og_type":"article","og_title":"Blog &#8211; Pr\u00e9parateur physique Ludovic Perge","og_description":"BLOG Bienvenue sur le blog de Ludovic Perge, votre expert en pr\u00e9paration physique. Ici, le sport est plus qu&rsquo;une passion, c&rsquo;est un mode de vie. En tant que pr\u00e9parateur sportif reconnu, Ludovic partage avec vous ses connaissances et son exp\u00e9rience du monde du sport, offrant des conseils pr\u00e9cieux, des astuces d&rsquo;entra\u00eenement et des analyses approfondies.\u00a0Peu&hellip;&nbsp;Lire la suite &raquo;Article exemple","og_url":"https:\/\/ludovicpergeperformance.com\/index.php\/blog\/","og_site_name":"Pr\u00e9parateur physique Ludovic Perge","article_publisher":"https:\/\/www.facebook.com\/LudovicPergePerformance","article_modified_time":"2023-07-13T13:51:42+00:00","twitter_card":"summary_large_image","twitter_misc":{"Dur\u00e9e de lecture estim\u00e9e":"2 minutes"},"schema":{"@context":"https:\/\/schema.org","@graph":[{"@type":"WebPage","@id":"https:\/\/ludovicpergeperformance.com\/index.php\/blog\/","url":"https:\/\/ludovicpergeperformance.com\/index.php\/blog\/","name":"Blog &#8211; Pr\u00e9parateur physique Ludovic Perge","isPartOf":{"@id":"https:\/\/ludovicpergeperformance.com\/#website"},"datePublished":"2023-05-29T10:32:56+00:00","dateModified":"2023-07-13T13:51:42+00:00","breadcrumb":{"@id":"https:\/\/ludovicpergeperformance.com\/index.php\/blog\/#breadcrumb"},"inLanguage":"fr-FR","potentialAction":[{"@type":"ReadAction","target":["https:\/\/ludovicpergeperformance.com\/index.php\/blog\/"]}]},{"@type":"BreadcrumbList","@id":"https:\/\/ludovicpergeperformance.com\/index.php\/blog\/#breadcrumb","itemListElement":[{"@type":"ListItem","position":1,"name":"Accueil","item":"https:\/\/ludovicpergeperformance.com\/"},{"@type":"ListItem","position":2,"name":"Blog"}]},{"@type":"WebSite","@id":"https:\/\/ludovicpergeperformance.com\/#website","url":"https:\/\/ludovicpergeperformance.com\/","name":"Ludovic Perge - Pr\u00e9parateur physique pour sportif de haut niveau","description":"Pr\u00e9parateur physique des sportifs de haut niveau","publisher":{"@id":"https:\/\/ludovicpergeperformance.com\/#organization"},"potentialAction":[{"@type":"SearchAction","target":{"@type":"EntryPoint","urlTemplate":"https:\/\/ludovicpergeperformance.com\/?s={search_term_string}"},"query-input":{"@type":"PropertyValueSpecification","valueRequired":true,"valueName":"search_term_string"}}],"inLanguage":"fr-FR"},{"@type":"Organization","@id":"https:\/\/ludovicpergeperformance.com\/#organization","name":"Ludovic Perge","url":"https:\/\/ludovicpergeperformance.com\/","logo":{"@type":"ImageObject","inLanguage":"fr-FR","@id":"https:\/\/ludovicpergeperformance.com\/#\/schema\/logo\/image\/","url":"https:\/\/ludovicpergeperformance.com\/wp-content\/uploads\/2020\/03\/Logo-Ludovic-Perge-Performance.png","contentUrl":"https:\/\/ludovicpergeperformance.com\/wp-content\/uploads\/2020\/03\/Logo-Ludovic-Perge-Performance.png","width":669,"height":477,"caption":"Ludovic Perge"},"image":{"@id":"https:\/\/ludovicpergeperformance.com\/#\/schema\/logo\/image\/"},"sameAs":["https:\/\/www.facebook.com\/LudovicPergePerformance","https:\/\/www.instagram.com\/ludo_perge\/?hl=fr","https:\/\/www.linkedin.com\/in\/ludovic-perge\/"]}]}},"_links":{"self":[{"href":"https:\/\/ludovicpergeperformance.com\/index.php\/wp-json\/wp\/v2\/pages\/2337","targetHints":{"allow":["GET"]}}],"collection":[{"href":"https:\/\/ludovicpergeperformance.com\/index.php\/wp-json\/wp\/v2\/pages"}],"about":[{"href":"https:\/\/ludovicpergeperformance.com\/index.php\/wp-json\/wp\/v2\/types\/page"}],"author":[{"embeddable":true,"href":"https:\/\/ludovicpergeperformance.com\/index.php\/wp-json\/wp\/v2\/users\/5"}],"replies":[{"embeddable":true,"href":"https:\/\/ludovicpergeperformance.com\/index.php\/wp-json\/wp\/v2\/comments?post=2337"}],"version-history":[{"count":25,"href":"https:\/\/ludovicpergeperformance.com\/index.php\/wp-json\/wp\/v2\/pages\/2337\/revisions"}],"predecessor-version":[{"id":2463,"href":"https:\/\/ludovicpergeperformance.com\/index.php\/wp-json\/wp\/v2\/pages\/2337\/revisions\/2463"}],"wp:attachment":[{"href":"https:\/\/ludovicpergeperformance.com\/index.php\/wp-json\/wp\/v2\/media?parent=2337"}],"curies":[{"name":"wp","href":"https:\/\/api.w.org\/{rel}","templated":true}]}}