{"id":3233,"date":"2023-08-11T16:30:03","date_gmt":"2023-08-11T14:30:03","guid":{"rendered":"https:\/\/ludovicpergeperformance.com\/?page_id=3233"},"modified":"2023-08-11T16:46:02","modified_gmt":"2023-08-11T14:46:02","slug":"formations-presentielles-2","status":"publish","type":"page","link":"https:\/\/ludovicpergeperformance.com\/index.php\/formations-presentielles-2\/","title":{"rendered":"Quelle formation choisir ?"},"content":{"rendered":"\t\t<div data-elementor-type=\"wp-page\" data-elementor-id=\"3233\" class=\"elementor elementor-3233\" data-elementor-post-type=\"page\">\n\t\t\t\t\t\t<section class=\"elementor-section elementor-top-section elementor-element elementor-element-08aed51 elementor-section-height-full elementor-section-stretched elementor-section-full_width elementor-section-items-bottom elementor-section-height-default\" data-id=\"08aed51\" data-element_type=\"section\" data-e-type=\"section\" data-settings=\"{&quot;background_background&quot;:&quot;classic&quot;,&quot;stretch_section&quot;:&quot;section-stretched&quot;}\">\n\t\t\t\t\t\t\t<div class=\"elementor-background-overlay\"><\/div>\n\t\t\t\t\t\t\t<div class=\"elementor-container elementor-column-gap-default\">\n\t\t\t\t\t<div class=\"elementor-column elementor-col-100 elementor-top-column elementor-element elementor-element-e10f79c\" data-id=\"e10f79c\" data-element_type=\"column\" data-e-type=\"column\">\n\t\t\t<div class=\"elementor-widget-wrap elementor-element-populated\">\n\t\t\t\t\t\t<div class=\"elementor-element elementor-element-73c1d88 elementor-widget elementor-widget-spacer\" data-id=\"73c1d88\" data-element_type=\"widget\" data-e-type=\"widget\" data-widget_type=\"spacer.default\">\n\t\t\t\t<div class=\"elementor-widget-container\">\n\t\t\t\t\t\t\t<div class=\"elementor-spacer\">\n\t\t\t<div class=\"elementor-spacer-inner\"><\/div>\n\t\t<\/div>\n\t\t\t\t\t\t<\/div>\n\t\t\t\t<\/div>\n\t\t\t\t<div class=\"elementor-element elementor-element-06bebbd elementor-widget elementor-widget-heading\" data-id=\"06bebbd\" data-element_type=\"widget\" data-e-type=\"widget\" data-widget_type=\"heading.default\">\n\t\t\t\t<div class=\"elementor-widget-container\">\n\t\t\t\t\t<h1 class=\"elementor-heading-title elementor-size-default\">QUELLE FORMATION CHOISIR ?<\/h1>\t\t\t\t<\/div>\n\t\t\t\t<\/div>\n\t\t\t\t<div class=\"elementor-element elementor-element-8254e3f elementor-widget elementor-widget-spacer\" data-id=\"8254e3f\" data-element_type=\"widget\" data-e-type=\"widget\" data-widget_type=\"spacer.default\">\n\t\t\t\t<div class=\"elementor-widget-container\">\n\t\t\t\t\t\t\t<div class=\"elementor-spacer\">\n\t\t\t<div class=\"elementor-spacer-inner\"><\/div>\n\t\t<\/div>\n\t\t\t\t\t\t<\/div>\n\t\t\t\t<\/div>\n\t\t\t\t<div class=\"elementor-element elementor-element-da8630e elementor-widget elementor-widget-text-editor\" data-id=\"da8630e\" data-element_type=\"widget\" data-e-type=\"widget\" data-widget_type=\"text-editor.default\">\n\t\t\t\t<div class=\"elementor-widget-container\">\n\t\t\t\t\t\t\t\t\t<p>Les \u00e9quipes de Ludovic Perge Performance vous propose un outil simple et rapide qui vous aidera \u00e0 choisir la bonne formation parmi celles propos\u00e9es. Formation en pr\u00e9sentiel ? Formation en ligne ? Financement, disponibilit\u00e9, connaissances, parcours&#8230; Mieux vous connaitre pour mieux vous conseiller !<\/p>\t\t\t\t\t\t\t\t<\/div>\n\t\t\t\t<\/div>\n\t\t\t\t\t<\/div>\n\t\t<\/div>\n\t\t\t\t\t<\/div>\n\t\t<\/section>\n\t\t\t\t<section class=\"elementor-section elementor-top-section elementor-element elementor-element-e473346 elementor-section-full_width elementor-section-height-default elementor-section-height-default\" data-id=\"e473346\" data-element_type=\"section\" data-e-type=\"section\" data-settings=\"{&quot;background_background&quot;:&quot;classic&quot;}\">\n\t\t\t\t\t\t<div class=\"elementor-container elementor-column-gap-default\">\n\t\t\t\t\t<div class=\"elementor-column elementor-col-100 elementor-top-column elementor-element elementor-element-22d34c8\" data-id=\"22d34c8\" data-element_type=\"column\" data-e-type=\"column\">\n\t\t\t<div class=\"elementor-widget-wrap elementor-element-populated\">\n\t\t\t\t\t\t<div class=\"elementor-element elementor-element-b1b9bee elementor-widget elementor-widget-heading\" data-id=\"b1b9bee\" data-element_type=\"widget\" data-e-type=\"widget\" data-widget_type=\"heading.default\">\n\t\t\t\t<div class=\"elementor-widget-container\">\n\t\t\t\t\t<h2 class=\"elementor-heading-title elementor-size-default\">Choisir sa formation avec le questionnaire de positionnement.<\/h2>\t\t\t\t<\/div>\n\t\t\t\t<\/div>\n\t\t\t\t\t<\/div>\n\t\t<\/div>\n\t\t\t\t\t<\/div>\n\t\t<\/section>\n\t\t\t\t<section class=\"elementor-section elementor-top-section elementor-element elementor-element-d4670a5 elementor-section-full_width elementor-section-height-default elementor-section-height-default\" data-id=\"d4670a5\" data-element_type=\"section\" data-e-type=\"section\" data-settings=\"{&quot;background_background&quot;:&quot;classic&quot;}\">\n\t\t\t\t\t\t<div class=\"elementor-container elementor-column-gap-default\">\n\t\t\t\t\t<div class=\"elementor-column elementor-col-50 elementor-top-column elementor-element elementor-element-a1438b1\" data-id=\"a1438b1\" data-element_type=\"column\" data-e-type=\"column\" data-settings=\"{&quot;background_background&quot;:&quot;classic&quot;}\">\n\t\t\t<div class=\"elementor-widget-wrap elementor-element-populated\">\n\t\t\t\t\t\t<div class=\"elementor-element elementor-element-f0b0ceb elementor-widget elementor-widget-image\" data-id=\"f0b0ceb\" data-element_type=\"widget\" data-e-type=\"widget\" data-widget_type=\"image.default\">\n\t\t\t\t<div class=\"elementor-widget-container\">\n\t\t\t\t\t\t\t\t\t\t\t\t<figure class=\"wp-caption\">\n\t\t\t\t\t\t\t\t\t\t<img fetchpriority=\"high\" decoding=\"async\" width=\"766\" height=\"1024\" src=\"https:\/\/ludovicpergeperformance.com\/wp-content\/uploads\/2023\/08\/8-766x1024.jpg\" class=\"attachment-large size-large wp-image-3243\" alt=\"Salle de formation \u00e0 Mionnay\" srcset=\"https:\/\/ludovicpergeperformance.com\/wp-content\/uploads\/2023\/08\/8-766x1024.jpg 766w, https:\/\/ludovicpergeperformance.com\/wp-content\/uploads\/2023\/08\/8-224x300.jpg 224w, https:\/\/ludovicpergeperformance.com\/wp-content\/uploads\/2023\/08\/8-768x1027.jpg 768w, https:\/\/ludovicpergeperformance.com\/wp-content\/uploads\/2023\/08\/8-1149x1536.jpg 1149w, https:\/\/ludovicpergeperformance.com\/wp-content\/uploads\/2023\/08\/8.jpg 1496w\" sizes=\"(max-width: 766px) 100vw, 766px\" \/>\t\t\t\t\t\t\t\t\t\t\t<figcaption class=\"widget-image-caption wp-caption-text\">Formation \u00e0 l'USFL<\/figcaption>\n\t\t\t\t\t\t\t\t\t\t<\/figure>\n\t\t\t\t\t\t\t\t\t<\/div>\n\t\t\t\t<\/div>\n\t\t\t\t\t<\/div>\n\t\t<\/div>\n\t\t\t\t<div class=\"elementor-column elementor-col-50 elementor-top-column elementor-element elementor-element-c0feb4c\" data-id=\"c0feb4c\" data-element_type=\"column\" data-e-type=\"column\" data-settings=\"{&quot;background_background&quot;:&quot;classic&quot;}\">\n\t\t\t<div class=\"elementor-widget-wrap elementor-element-populated\">\n\t\t\t\t\t\t<div class=\"elementor-element elementor-element-d3778d7 elementor-view-default elementor-widget elementor-widget-icon\" data-id=\"d3778d7\" data-element_type=\"widget\" data-e-type=\"widget\" data-widget_type=\"icon.default\">\n\t\t\t\t<div class=\"elementor-widget-container\">\n\t\t\t\t\t\t\t<div class=\"elementor-icon-wrapper\">\n\t\t\t<div class=\"elementor-icon\">\n\t\t\t<i aria-hidden=\"true\" class=\"fas fa-scroll\"><\/i>\t\t\t<\/div>\n\t\t<\/div>\n\t\t\t\t\t\t<\/div>\n\t\t\t\t<\/div>\n\t\t\t\t<div class=\"elementor-element elementor-element-f935b9d elementor-widget elementor-widget-heading\" data-id=\"f935b9d\" data-element_type=\"widget\" data-e-type=\"widget\" data-widget_type=\"heading.default\">\n\t\t\t\t<div class=\"elementor-widget-container\">\n\t\t\t\t\t<h3 class=\"elementor-heading-title elementor-size-default\">Bien choisir sa formation \u00e0 l'aide de notre questionnaire.<\/h3>\t\t\t\t<\/div>\n\t\t\t\t<\/div>\n\t\t\t\t<div class=\"elementor-element elementor-element-1667f15 elementor-align-center elementor-widget elementor-widget-button\" data-id=\"1667f15\" data-element_type=\"widget\" data-e-type=\"widget\" data-widget_type=\"button.default\">\n\t\t\t\t<div class=\"elementor-widget-container\">\n\t\t\t\t\t\t\t\t\t<div class=\"elementor-button-wrapper\">\n\t\t\t\t\t<a class=\"elementor-button elementor-button-link elementor-size-sm\" href=\"https:\/\/docs.google.com\/forms\/d\/e\/1FAIpQLSdiz3a38vkmyQQrNs77YYD5sBn5vPyNk6a2bDZzDKKpiZvZVg\/viewform\" target=\"_blank\">\n\t\t\t\t\t\t<span class=\"elementor-button-content-wrapper\">\n\t\t\t\t\t\t\t\t\t<span class=\"elementor-button-text\">Remplir le questionnaire<\/span>\n\t\t\t\t\t<\/span>\n\t\t\t\t\t<\/a>\n\t\t\t\t<\/div>\n\t\t\t\t\t\t\t\t<\/div>\n\t\t\t\t<\/div>\n\t\t\t\t<div class=\"elementor-element elementor-element-11cebab elementor-widget elementor-widget-text-editor\" data-id=\"11cebab\" data-element_type=\"widget\" data-e-type=\"widget\" data-widget_type=\"text-editor.default\">\n\t\t\t\t<div class=\"elementor-widget-container\">\n\t\t\t\t\t\t\t\t\t<p>Une formation est un engagement c&rsquo;est pourquoi il faut la choisir avec raison. Pour vous aider \u00e0 choisir la bonne formation parmi celles que nous vous proposons, nous vous mettons \u00e0 disposition un questionnaire court et concis qui nous permettra de mieux vous connaitre pour mieux vous orienter.<\/p><p>Une fois le questionnaire rempli nous faisons une analyse pr\u00e9cise de vos besoins et attentes et revenons vers vous sous 48h (jours ouvr\u00e9s).<\/p><p>Nous vous contactons ensuite pour vous communiquer le r\u00e9sultat.<\/p>\t\t\t\t\t\t\t\t<\/div>\n\t\t\t\t<\/div>\n\t\t\t\t<div class=\"elementor-element elementor-element-6bcceb9 elementor-align-center elementor-widget elementor-widget-button\" data-id=\"6bcceb9\" data-element_type=\"widget\" data-e-type=\"widget\" data-widget_type=\"button.default\">\n\t\t\t\t<div class=\"elementor-widget-container\">\n\t\t\t\t\t\t\t\t\t<div class=\"elementor-button-wrapper\">\n\t\t\t\t\t<a class=\"elementor-button elementor-button-link elementor-size-sm\" href=\"mailto:ludovic.perge@phitmethod.com\">\n\t\t\t\t\t\t<span class=\"elementor-button-content-wrapper\">\n\t\t\t\t\t\t\t\t\t<span class=\"elementor-button-text\">Je vous \u00e9cris !<\/span>\n\t\t\t\t\t<\/span>\n\t\t\t\t\t<\/a>\n\t\t\t\t<\/div>\n\t\t\t\t\t\t\t\t<\/div>\n\t\t\t\t<\/div>\n\t\t\t\t\t<\/div>\n\t\t<\/div>\n\t\t\t\t\t<\/div>\n\t\t<\/section>\n\t\t\t\t<\/div>\n\t\t","protected":false},"excerpt":{"rendered":"<p>QUELLE FORMATION CHOISIR ? Les \u00e9quipes de Ludovic Perge Performance vous propose un outil simple et rapide qui vous aidera \u00e0 choisir la bonne formation parmi celles propos\u00e9es. Formation en pr\u00e9sentiel ? Formation en ligne ? Financement, disponibilit\u00e9, connaissances, parcours&#8230; Mieux vous connaitre pour mieux vous conseiller ! Choisir sa formation avec le questionnaire de&hellip;&nbsp;<a href=\"https:\/\/ludovicpergeperformance.com\/index.php\/formations-presentielles-2\/\" class=\"\" rel=\"bookmark\">Lire la suite &raquo;<span class=\"screen-reader-text\">Quelle formation choisir ?<\/span><\/a><\/p>\n","protected":false},"author":2,"featured_media":0,"parent":0,"menu_order":0,"comment_status":"closed","ping_status":"closed","template":"page-templates\/template-pagebuilder-full-width.php","meta":{"neve_meta_sidebar":"full-width","neve_meta_container":"","neve_meta_enable_content_width":"on","neve_meta_content_width":100,"neve_meta_title_alignment":"","neve_meta_author_avatar":"","neve_post_elements_order":"","neve_meta_disable_header":"","neve_meta_disable_footer":"","neve_meta_disable_title":"","footnotes":""},"class_list":["post-3233","page","type-page","status-publish","hentry"],"yoast_head":"<!-- This site is optimized with the Yoast SEO plugin v27.4 - https:\/\/yoast.com\/product\/yoast-seo-wordpress\/ -->\n<title>Quelle formation choisir ? &#8211; Pr\u00e9parateur physique Ludovic Perge<\/title>\n<meta name=\"description\" content=\"D\u00e9couvrez l&#039;ensemble des formations pr\u00e9sentielles propos\u00e9es par Ludovic Perge et ses \u00e9quipes. De la nutrition \u00e0 la pr\u00e9paration physique !\" \/>\n<meta name=\"robots\" content=\"index, follow, max-snippet:-1, max-image-preview:large, max-video-preview:-1\" \/>\n<link rel=\"canonical\" href=\"https:\/\/ludovicpergeperformance.com\/index.php\/formations-presentielles-2\/\" \/>\n<meta property=\"og:locale\" content=\"fr_FR\" \/>\n<meta property=\"og:type\" content=\"article\" \/>\n<meta property=\"og:title\" content=\"Quelle formation choisir ? &#8211; Pr\u00e9parateur physique Ludovic Perge\" \/>\n<meta property=\"og:description\" content=\"D\u00e9couvrez l&#039;ensemble des formations pr\u00e9sentielles propos\u00e9es par Ludovic Perge et ses \u00e9quipes. De la nutrition \u00e0 la pr\u00e9paration physique !\" \/>\n<meta property=\"og:url\" content=\"https:\/\/ludovicpergeperformance.com\/index.php\/formations-presentielles-2\/\" \/>\n<meta property=\"og:site_name\" content=\"Pr\u00e9parateur physique Ludovic Perge\" \/>\n<meta property=\"article:publisher\" content=\"https:\/\/www.facebook.com\/LudovicPergePerformance\" \/>\n<meta property=\"article:modified_time\" content=\"2023-08-11T14:46:02+00:00\" \/>\n<meta property=\"og:image\" content=\"https:\/\/ludovicpergeperformance.com\/wp-content\/uploads\/2023\/08\/8-766x1024.jpg\" \/>\n<meta name=\"twitter:card\" content=\"summary_large_image\" \/>\n<meta name=\"twitter:label1\" content=\"Dur\u00e9e de lecture estim\u00e9e\" \/>\n\t<meta name=\"twitter:data1\" content=\"1 minute\" \/>\n<script type=\"application\/ld+json\" class=\"yoast-schema-graph\">{\"@context\":\"https:\\\/\\\/schema.org\",\"@graph\":[{\"@type\":\"WebPage\",\"@id\":\"https:\\\/\\\/ludovicpergeperformance.com\\\/index.php\\\/formations-presentielles-2\\\/\",\"url\":\"https:\\\/\\\/ludovicpergeperformance.com\\\/index.php\\\/formations-presentielles-2\\\/\",\"name\":\"Quelle formation choisir ? &#8211; Pr\u00e9parateur physique Ludovic Perge\",\"isPartOf\":{\"@id\":\"https:\\\/\\\/ludovicpergeperformance.com\\\/#website\"},\"primaryImageOfPage\":{\"@id\":\"https:\\\/\\\/ludovicpergeperformance.com\\\/index.php\\\/formations-presentielles-2\\\/#primaryimage\"},\"image\":{\"@id\":\"https:\\\/\\\/ludovicpergeperformance.com\\\/index.php\\\/formations-presentielles-2\\\/#primaryimage\"},\"thumbnailUrl\":\"https:\\\/\\\/ludovicpergeperformance.com\\\/wp-content\\\/uploads\\\/2023\\\/08\\\/8-766x1024.jpg\",\"datePublished\":\"2023-08-11T14:30:03+00:00\",\"dateModified\":\"2023-08-11T14:46:02+00:00\",\"description\":\"D\u00e9couvrez l'ensemble des formations pr\u00e9sentielles propos\u00e9es par Ludovic Perge et ses \u00e9quipes. De la nutrition \u00e0 la pr\u00e9paration physique !\",\"breadcrumb\":{\"@id\":\"https:\\\/\\\/ludovicpergeperformance.com\\\/index.php\\\/formations-presentielles-2\\\/#breadcrumb\"},\"inLanguage\":\"fr-FR\",\"potentialAction\":[{\"@type\":\"ReadAction\",\"target\":[\"https:\\\/\\\/ludovicpergeperformance.com\\\/index.php\\\/formations-presentielles-2\\\/\"]}]},{\"@type\":\"ImageObject\",\"inLanguage\":\"fr-FR\",\"@id\":\"https:\\\/\\\/ludovicpergeperformance.com\\\/index.php\\\/formations-presentielles-2\\\/#primaryimage\",\"url\":\"https:\\\/\\\/ludovicpergeperformance.com\\\/wp-content\\\/uploads\\\/2023\\\/08\\\/8.jpg\",\"contentUrl\":\"https:\\\/\\\/ludovicpergeperformance.com\\\/wp-content\\\/uploads\\\/2023\\\/08\\\/8.jpg\",\"width\":1496,\"height\":2000,\"caption\":\"Salle de formation \u00e0 Mionnay\"},{\"@type\":\"BreadcrumbList\",\"@id\":\"https:\\\/\\\/ludovicpergeperformance.com\\\/index.php\\\/formations-presentielles-2\\\/#breadcrumb\",\"itemListElement\":[{\"@type\":\"ListItem\",\"position\":1,\"name\":\"Accueil\",\"item\":\"https:\\\/\\\/ludovicpergeperformance.com\\\/\"},{\"@type\":\"ListItem\",\"position\":2,\"name\":\"Quelle formation choisir ?\"}]},{\"@type\":\"WebSite\",\"@id\":\"https:\\\/\\\/ludovicpergeperformance.com\\\/#website\",\"url\":\"https:\\\/\\\/ludovicpergeperformance.com\\\/\",\"name\":\"Ludovic Perge - Pr\u00e9parateur physique pour sportif de haut niveau\",\"description\":\"Pr\u00e9parateur physique des sportifs de haut niveau\",\"publisher\":{\"@id\":\"https:\\\/\\\/ludovicpergeperformance.com\\\/#organization\"},\"potentialAction\":[{\"@type\":\"SearchAction\",\"target\":{\"@type\":\"EntryPoint\",\"urlTemplate\":\"https:\\\/\\\/ludovicpergeperformance.com\\\/?s={search_term_string}\"},\"query-input\":{\"@type\":\"PropertyValueSpecification\",\"valueRequired\":true,\"valueName\":\"search_term_string\"}}],\"inLanguage\":\"fr-FR\"},{\"@type\":\"Organization\",\"@id\":\"https:\\\/\\\/ludovicpergeperformance.com\\\/#organization\",\"name\":\"Ludovic Perge\",\"url\":\"https:\\\/\\\/ludovicpergeperformance.com\\\/\",\"logo\":{\"@type\":\"ImageObject\",\"inLanguage\":\"fr-FR\",\"@id\":\"https:\\\/\\\/ludovicpergeperformance.com\\\/#\\\/schema\\\/logo\\\/image\\\/\",\"url\":\"https:\\\/\\\/ludovicpergeperformance.com\\\/wp-content\\\/uploads\\\/2020\\\/03\\\/Logo-Ludovic-Perge-Performance.png\",\"contentUrl\":\"https:\\\/\\\/ludovicpergeperformance.com\\\/wp-content\\\/uploads\\\/2020\\\/03\\\/Logo-Ludovic-Perge-Performance.png\",\"width\":669,\"height\":477,\"caption\":\"Ludovic Perge\"},\"image\":{\"@id\":\"https:\\\/\\\/ludovicpergeperformance.com\\\/#\\\/schema\\\/logo\\\/image\\\/\"},\"sameAs\":[\"https:\\\/\\\/www.facebook.com\\\/LudovicPergePerformance\",\"https:\\\/\\\/www.instagram.com\\\/ludo_perge\\\/?hl=fr\",\"https:\\\/\\\/www.linkedin.com\\\/in\\\/ludovic-perge\\\/\"]}]}<\/script>\n<!-- \/ Yoast SEO plugin. -->","yoast_head_json":{"title":"Quelle formation choisir ? &#8211; Pr\u00e9parateur physique Ludovic Perge","description":"D\u00e9couvrez l'ensemble des formations pr\u00e9sentielles propos\u00e9es par Ludovic Perge et ses \u00e9quipes. De la nutrition \u00e0 la pr\u00e9paration physique !","robots":{"index":"index","follow":"follow","max-snippet":"max-snippet:-1","max-image-preview":"max-image-preview:large","max-video-preview":"max-video-preview:-1"},"canonical":"https:\/\/ludovicpergeperformance.com\/index.php\/formations-presentielles-2\/","og_locale":"fr_FR","og_type":"article","og_title":"Quelle formation choisir ? &#8211; Pr\u00e9parateur physique Ludovic Perge","og_description":"D\u00e9couvrez l'ensemble des formations pr\u00e9sentielles propos\u00e9es par Ludovic Perge et ses \u00e9quipes. De la nutrition \u00e0 la pr\u00e9paration physique !","og_url":"https:\/\/ludovicpergeperformance.com\/index.php\/formations-presentielles-2\/","og_site_name":"Pr\u00e9parateur physique Ludovic Perge","article_publisher":"https:\/\/www.facebook.com\/LudovicPergePerformance","article_modified_time":"2023-08-11T14:46:02+00:00","og_image":[{"url":"https:\/\/ludovicpergeperformance.com\/wp-content\/uploads\/2023\/08\/8-766x1024.jpg","type":"","width":"","height":""}],"twitter_card":"summary_large_image","twitter_misc":{"Dur\u00e9e de lecture estim\u00e9e":"1 minute"},"schema":{"@context":"https:\/\/schema.org","@graph":[{"@type":"WebPage","@id":"https:\/\/ludovicpergeperformance.com\/index.php\/formations-presentielles-2\/","url":"https:\/\/ludovicpergeperformance.com\/index.php\/formations-presentielles-2\/","name":"Quelle formation choisir ? &#8211; Pr\u00e9parateur physique Ludovic Perge","isPartOf":{"@id":"https:\/\/ludovicpergeperformance.com\/#website"},"primaryImageOfPage":{"@id":"https:\/\/ludovicpergeperformance.com\/index.php\/formations-presentielles-2\/#primaryimage"},"image":{"@id":"https:\/\/ludovicpergeperformance.com\/index.php\/formations-presentielles-2\/#primaryimage"},"thumbnailUrl":"https:\/\/ludovicpergeperformance.com\/wp-content\/uploads\/2023\/08\/8-766x1024.jpg","datePublished":"2023-08-11T14:30:03+00:00","dateModified":"2023-08-11T14:46:02+00:00","description":"D\u00e9couvrez l'ensemble des formations pr\u00e9sentielles propos\u00e9es par Ludovic Perge et ses \u00e9quipes. De la nutrition \u00e0 la pr\u00e9paration physique !","breadcrumb":{"@id":"https:\/\/ludovicpergeperformance.com\/index.php\/formations-presentielles-2\/#breadcrumb"},"inLanguage":"fr-FR","potentialAction":[{"@type":"ReadAction","target":["https:\/\/ludovicpergeperformance.com\/index.php\/formations-presentielles-2\/"]}]},{"@type":"ImageObject","inLanguage":"fr-FR","@id":"https:\/\/ludovicpergeperformance.com\/index.php\/formations-presentielles-2\/#primaryimage","url":"https:\/\/ludovicpergeperformance.com\/wp-content\/uploads\/2023\/08\/8.jpg","contentUrl":"https:\/\/ludovicpergeperformance.com\/wp-content\/uploads\/2023\/08\/8.jpg","width":1496,"height":2000,"caption":"Salle de formation \u00e0 Mionnay"},{"@type":"BreadcrumbList","@id":"https:\/\/ludovicpergeperformance.com\/index.php\/formations-presentielles-2\/#breadcrumb","itemListElement":[{"@type":"ListItem","position":1,"name":"Accueil","item":"https:\/\/ludovicpergeperformance.com\/"},{"@type":"ListItem","position":2,"name":"Quelle formation choisir ?"}]},{"@type":"WebSite","@id":"https:\/\/ludovicpergeperformance.com\/#website","url":"https:\/\/ludovicpergeperformance.com\/","name":"Ludovic Perge - Pr\u00e9parateur physique pour sportif de haut niveau","description":"Pr\u00e9parateur physique des sportifs de haut niveau","publisher":{"@id":"https:\/\/ludovicpergeperformance.com\/#organization"},"potentialAction":[{"@type":"SearchAction","target":{"@type":"EntryPoint","urlTemplate":"https:\/\/ludovicpergeperformance.com\/?s={search_term_string}"},"query-input":{"@type":"PropertyValueSpecification","valueRequired":true,"valueName":"search_term_string"}}],"inLanguage":"fr-FR"},{"@type":"Organization","@id":"https:\/\/ludovicpergeperformance.com\/#organization","name":"Ludovic Perge","url":"https:\/\/ludovicpergeperformance.com\/","logo":{"@type":"ImageObject","inLanguage":"fr-FR","@id":"https:\/\/ludovicpergeperformance.com\/#\/schema\/logo\/image\/","url":"https:\/\/ludovicpergeperformance.com\/wp-content\/uploads\/2020\/03\/Logo-Ludovic-Perge-Performance.png","contentUrl":"https:\/\/ludovicpergeperformance.com\/wp-content\/uploads\/2020\/03\/Logo-Ludovic-Perge-Performance.png","width":669,"height":477,"caption":"Ludovic Perge"},"image":{"@id":"https:\/\/ludovicpergeperformance.com\/#\/schema\/logo\/image\/"},"sameAs":["https:\/\/www.facebook.com\/LudovicPergePerformance","https:\/\/www.instagram.com\/ludo_perge\/?hl=fr","https:\/\/www.linkedin.com\/in\/ludovic-perge\/"]}]}},"_links":{"self":[{"href":"https:\/\/ludovicpergeperformance.com\/index.php\/wp-json\/wp\/v2\/pages\/3233","targetHints":{"allow":["GET"]}}],"collection":[{"href":"https:\/\/ludovicpergeperformance.com\/index.php\/wp-json\/wp\/v2\/pages"}],"about":[{"href":"https:\/\/ludovicpergeperformance.com\/index.php\/wp-json\/wp\/v2\/types\/page"}],"author":[{"embeddable":true,"href":"https:\/\/ludovicpergeperformance.com\/index.php\/wp-json\/wp\/v2\/users\/2"}],"replies":[{"embeddable":true,"href":"https:\/\/ludovicpergeperformance.com\/index.php\/wp-json\/wp\/v2\/comments?post=3233"}],"version-history":[{"count":13,"href":"https:\/\/ludovicpergeperformance.com\/index.php\/wp-json\/wp\/v2\/pages\/3233\/revisions"}],"predecessor-version":[{"id":3250,"href":"https:\/\/ludovicpergeperformance.com\/index.php\/wp-json\/wp\/v2\/pages\/3233\/revisions\/3250"}],"wp:attachment":[{"href":"https:\/\/ludovicpergeperformance.com\/index.php\/wp-json\/wp\/v2\/media?parent=3233"}],"curies":[{"name":"wp","href":"https:\/\/api.w.org\/{rel}","templated":true}]}}